{"id":17,"date":"2022-11-29T12:58:28","date_gmt":"2022-11-29T11:58:28","guid":{"rendered":"https:\/\/farmacialorente.es\/blog\/?page_id=17"},"modified":"2022-12-29T15:16:58","modified_gmt":"2022-12-29T14:16:58","slug":"home","status":"publish","type":"page","link":"https:\/\/farmacialorente.es\/blog\/","title":{"rendered":"Home"},"content":{"rendered":"\t\t<div data-elementor-type=\"wp-page\" data-elementor-id=\"17\" class=\"elementor elementor-17\">\n\t\t\t\t\t\t\t\t\t<section class=\"elementor-section elementor-top-section elementor-element elementor-element-1f45996 elementor-section-boxed elementor-section-height-default elementor-section-height-default\" data-id=\"1f45996\" data-element_type=\"section\">\n\t\t\t\t\t\t<div class=\"elementor-container elementor-column-gap-default\">\n\t\t\t\t\t<div class=\"elementor-column elementor-col-100 elementor-top-column elementor-element elementor-element-7c710e9\" data-id=\"7c710e9\" data-element_type=\"column\">\n\t\t\t<div class=\"elementor-widget-wrap elementor-element-populated\">\n\t\t\t\t\t\t\t\t<div class=\"elementor-element elementor-element-63fea0b elementor-widget elementor-widget-image\" data-id=\"63fea0b\" data-element_type=\"widget\" data-widget_type=\"image.default\">\n\t\t\t\t<div class=\"elementor-widget-container\">\n\t\t\t<style>\/*! elementor - v3.8.1 - 13-11-2022 *\/\n.elementor-widget-image{text-align:center}.elementor-widget-image a{display:inline-block}.elementor-widget-image a img[src$=\".svg\"]{width:48px}.elementor-widget-image img{vertical-align:middle;display:inline-block}<\/style>\t\t\t\t\t\t\t\t\t\t\t\t<img decoding=\"async\" width=\"1202\" height=\"401\" src=\"https:\/\/farmacialorente.es\/blog\/wp-content\/uploads\/2022\/11\/Group-149.jpg\" class=\"attachment-full size-full\" alt=\"\" loading=\"lazy\" \/>\t\t\t\t\t\t\t\t\t\t\t\t\t\t\t<\/div>\n\t\t\t\t<\/div>\n\t\t\t\t\t<\/div>\n\t\t<\/div>\n\t\t\t\t\t\t\t<\/div>\n\t\t<\/section>\n\t\t\t\t<section class=\"elementor-section elementor-top-section elementor-element elementor-element-0b6a742 elementor-section-boxed elementor-section-height-default elementor-section-height-default\" data-id=\"0b6a742\" data-element_type=\"section\">\n\t\t\t\t\t\t<div class=\"elementor-container elementor-column-gap-default\">\n\t\t\t\t\t<div class=\"elementor-column elementor-col-100 elementor-top-column elementor-element elementor-element-0010793\" data-id=\"0010793\" data-element_type=\"column\">\n\t\t\t<div class=\"elementor-widget-wrap elementor-element-populated\">\n\t\t\t\t\t\t\t\t<div class=\"elementor-element elementor-element-48ce00b elementor-widget-divider--view-line elementor-widget elementor-widget-divider\" data-id=\"48ce00b\" data-element_type=\"widget\" data-widget_type=\"divider.default\">\n\t\t\t\t<div class=\"elementor-widget-container\">\n\t\t\t<style>\/*! elementor - v3.8.1 - 13-11-2022 *\/\n.elementor-widget-divider{--divider-border-style:none;--divider-border-width:1px;--divider-color:#2c2c2c;--divider-icon-size:20px;--divider-element-spacing:10px;--divider-pattern-height:24px;--divider-pattern-size:20px;--divider-pattern-url:none;--divider-pattern-repeat:repeat-x}.elementor-widget-divider .elementor-divider{display:-webkit-box;display:-ms-flexbox;display:flex}.elementor-widget-divider .elementor-divider__text{font-size:15px;line-height:1;max-width:95%}.elementor-widget-divider .elementor-divider__element{margin:0 var(--divider-element-spacing);-ms-flex-negative:0;flex-shrink:0}.elementor-widget-divider .elementor-icon{font-size:var(--divider-icon-size)}.elementor-widget-divider .elementor-divider-separator{display:-webkit-box;display:-ms-flexbox;display:flex;margin:0;direction:ltr}.elementor-widget-divider--view-line_icon .elementor-divider-separator,.elementor-widget-divider--view-line_text .elementor-divider-separator{-webkit-box-align:center;-ms-flex-align:center;align-items:center}.elementor-widget-divider--view-line_icon .elementor-divider-separator:after,.elementor-widget-divider--view-line_icon .elementor-divider-separator:before,.elementor-widget-divider--view-line_text .elementor-divider-separator:after,.elementor-widget-divider--view-line_text .elementor-divider-separator:before{display:block;content:\"\";border-bottom:0;-webkit-box-flex:1;-ms-flex-positive:1;flex-grow:1;border-top:var(--divider-border-width) var(--divider-border-style) var(--divider-color)}.elementor-widget-divider--element-align-left .elementor-divider .elementor-divider-separator>.elementor-divider__svg:first-of-type{-webkit-box-flex:0;-ms-flex-positive:0;flex-grow:0;-ms-flex-negative:100;flex-shrink:100}.elementor-widget-divider--element-align-left .elementor-divider-separator:before{content:none}.elementor-widget-divider--element-align-left .elementor-divider__element{margin-left:0}.elementor-widget-divider--element-align-right .elementor-divider .elementor-divider-separator>.elementor-divider__svg:last-of-type{-webkit-box-flex:0;-ms-flex-positive:0;flex-grow:0;-ms-flex-negative:100;flex-shrink:100}.elementor-widget-divider--element-align-right .elementor-divider-separator:after{content:none}.elementor-widget-divider--element-align-right .elementor-divider__element{margin-right:0}.elementor-widget-divider:not(.elementor-widget-divider--view-line_text):not(.elementor-widget-divider--view-line_icon) .elementor-divider-separator{border-top:var(--divider-border-width) var(--divider-border-style) var(--divider-color)}.elementor-widget-divider--separator-type-pattern{--divider-border-style:none}.elementor-widget-divider--separator-type-pattern.elementor-widget-divider--view-line .elementor-divider-separator,.elementor-widget-divider--separator-type-pattern:not(.elementor-widget-divider--view-line) .elementor-divider-separator:after,.elementor-widget-divider--separator-type-pattern:not(.elementor-widget-divider--view-line) .elementor-divider-separator:before,.elementor-widget-divider--separator-type-pattern:not([class*=elementor-widget-divider--view]) .elementor-divider-separator{width:100%;min-height:var(--divider-pattern-height);-webkit-mask-size:var(--divider-pattern-size) 100%;mask-size:var(--divider-pattern-size) 100%;-webkit-mask-repeat:var(--divider-pattern-repeat);mask-repeat:var(--divider-pattern-repeat);background-color:var(--divider-color);-webkit-mask-image:var(--divider-pattern-url);mask-image:var(--divider-pattern-url)}.elementor-widget-divider--no-spacing{--divider-pattern-size:auto}.elementor-widget-divider--bg-round{--divider-pattern-repeat:round}.rtl .elementor-widget-divider .elementor-divider__text{direction:rtl}.e-con-inner>.elementor-widget-divider,.e-con>.elementor-widget-divider{width:var(--container-widget-width,100%)}<\/style>\t\t<div class=\"elementor-divider\">\n\t\t\t<span class=\"elementor-divider-separator\">\n\t\t\t\t\t\t<\/span>\n\t\t<\/div>\n\t\t\t\t<\/div>\n\t\t\t\t<\/div>\n\t\t\t\t\t<\/div>\n\t\t<\/div>\n\t\t\t\t\t\t\t<\/div>\n\t\t<\/section>\n\t\t\t\t<section class=\"elementor-section elementor-top-section elementor-element elementor-element-a974308 elementor-section-boxed elementor-section-height-default elementor-section-height-default\" data-id=\"a974308\" data-element_type=\"section\">\n\t\t\t\t\t\t<div class=\"elementor-container elementor-column-gap-default\">\n\t\t\t\t\t<div class=\"elementor-column elementor-col-100 elementor-top-column elementor-element elementor-element-0b84dfc\" data-id=\"0b84dfc\" data-element_type=\"column\">\n\t\t\t<div class=\"elementor-widget-wrap elementor-element-populated\">\n\t\t\t\t\t\t\t\t<div class=\"elementor-element elementor-element-41d4cdd elementor-widget elementor-widget-heading\" data-id=\"41d4cdd\" data-element_type=\"widget\" data-widget_type=\"heading.default\">\n\t\t\t\t<div class=\"elementor-widget-container\">\n\t\t\t<style>\/*! elementor - v3.8.1 - 13-11-2022 *\/\n.elementor-heading-title{padding:0;margin:0;line-height:1}.elementor-widget-heading .elementor-heading-title[class*=elementor-size-]>a{color:inherit;font-size:inherit;line-height:inherit}.elementor-widget-heading .elementor-heading-title.elementor-size-small{font-size:15px}.elementor-widget-heading .elementor-heading-title.elementor-size-medium{font-size:19px}.elementor-widget-heading .elementor-heading-title.elementor-size-large{font-size:29px}.elementor-widget-heading .elementor-heading-title.elementor-size-xl{font-size:39px}.elementor-widget-heading .elementor-heading-title.elementor-size-xxl{font-size:59px}<\/style><h2 class=\"elementor-heading-title elementor-size-default\">\u00daltimos post<\/h2>\t\t<\/div>\n\t\t\t\t<\/div>\n\t\t\t\t\t<\/div>\n\t\t<\/div>\n\t\t\t\t\t\t\t<\/div>\n\t\t<\/section>\n\t\t\t\t<section class=\"elementor-section elementor-top-section elementor-element elementor-element-39d91e8 elementor-section-boxed elementor-section-height-default elementor-section-height-default\" data-id=\"39d91e8\" data-element_type=\"section\">\n\t\t\t\t\t\t<div class=\"elementor-container elementor-column-gap-default\">\n\t\t\t\t\t<div class=\"elementor-column elementor-col-100 elementor-top-column elementor-element elementor-element-d16e561\" data-id=\"d16e561\" data-element_type=\"column\">\n\t\t\t<div class=\"elementor-widget-wrap elementor-element-populated\">\n\t\t\t\t\t\t\t\t<div class=\"elementor-element elementor-element-1b3fd4b title-two-line title_hover_border_disable img_hover_animation_img_no_effect title-alignment-left meta-visibility-show title_position_default meta_position_default tpg-category-position-default grid-hover-overlay-type-always tpg-el-box-border-enable elementor-widget elementor-widget-tpg-grid-layout\" data-id=\"1b3fd4b\" data-element_type=\"widget\" data-widget_type=\"tpg-grid-layout.default\">\n\t\t\t\t<div class=\"elementor-widget-container\">\n\t\t\t        <div class=\"rt-container-fluid rt-tpg-container tpg-el-main-wrapper clearfix grid-layout6-main\"\r\n             id=\"rt-tpg-container-1596696997\"\r\n             data-layout=\"grid-layout6\"\r\n             data-grid-style=\"tpg-full-height\"\r\n             data-sc-id=\"elementor\"\r\n             data-el-settings=''\r\n             data-el-query=''\r\n             data-el-path=''\r\n        >\r\n\r\n\r\n\t\t\t<div class='tpg-header-wrapper '><\/div>\r\n            <div data-title=\"Loading ...\" class=\"rt-row rt-content-loader grid-layout6 grid-behaviour tpg-full-height grid_layout_wrapper disable-middle-border\">\r\n\t\t\t\t\r\n<div class=\"rt-col-sm-6 rt-col-xs-12 rt-col-md-7 offset-left-wrap offset-left\">\r\n\t\r\n    <div class=\"offset-item img_no_effect\" data-id=\"247\">\r\n        <div class=\"rt-holder tpg-post-holder\">\r\n            <div class=\"rt-detail rt-el-content-wrapper\">\r\n\t\t\t\t                    <div class=\"rt-img-holder tpg-el-image-wrap has-thumbnail\">\r\n\t\t\t\t\t\t<a data-id=\"247\" href=\"https:\/\/farmacialorente.es\/blog\/beneficios-de-la-vitamina-e-en-nuestra-salud\/\" class=\"tpg-post-link\" target=\"_self\">                        <img decoding=\"async\" loading=\"lazy\" src=\"https:\/\/farmacialorente.es\/blog\/wp-content\/uploads\/2022\/12\/beneficios-vitamina-e.jpg\"\r\n                             class=\"rt-img-responsive\"\r\n                             width=\"750\"\r\n                             height=\"476\"\r\n                             alt=\"Beneficios de la vitamina E para nuestro organismo\">\r\n\t\t\t\t\t\t\r\n\t\t\t\t\t\t\t\r\n\t\t<\/a>\r\n\t\t        <div class=\"overlay grid-hover-content\"><\/div>\r\n\t\t                    <\/div>\r\n\t\t\t\t\r\n                <div class=\"offset-content\">\r\n\r\n\t\t\t\t\t<div class=\"entry-title-wrapper\">        <div class=\"tpg-separate-category style1 default cat-above-title\">\r\n\t\t\t<span class='categories-links'>\r\n\t\t\t<i class='fas fa-folder-open'><\/i>\t\t\t<a href=\"https:\/\/farmacialorente.es\/blog\/category\/salud\/\">Salud<\/a>\t\t\t<\/span>\r\n        <\/div>\r\n\t\t<h3 class=\"entry-title\"><a data-id=\"247\" href=\"https:\/\/farmacialorente.es\/blog\/beneficios-de-la-vitamina-e-en-nuestra-salud\/\" class=\"tpg-post-link\" target=\"_self\">Beneficios de la vitamina E en nuestra salud<\/a><\/h3><\/div>\r\n\t\t\t\t\t                        <div class=\"post-meta-tags rt-el-post-meta\">\r\n\t\t\t\t\t\t\t                        <\/div>\r\n\t\t\t\t\t\r\n\t\t\t\t\t                        <div class=\"tpg-excerpt tpg-el-excerpt\">\r\n\t\t\t\t\t\t\t                                <div class=\"tpg-excerpt-inner\">\r\n\t\t\t\t\t\t\t\t\t\u00bfSiempre has querido saber la importancia y los beneficios de las vitaminas? Las vitaminas tienen un papel fundamental en la salud de las personas, aportando as\u00ed los nutrientes necesarios para nuestro organismo, adem\u00e1s de ayudar a prevenir las enfermedades. Tambi\u00e9n tienen mucha relevancia en  ...                                <\/div>\r\n\t\t\t\t\t\t\t\t\t\t\t\t\t\t                        <\/div>\r\n\t\t\t\t\t\r\n\t\t\t\t\t                <\/div>\r\n            <\/div>\r\n        <\/div>\r\n    <\/div>\r\n\r\n\r\n\t<\/div>\r\n<!--End Loop Div-->\r\n\r\n<div class=\"rt-col-sm-6 rt-col-xs-12 rt-col-md-5 offset-right\">\r\n\t\r\n    <div class=\"offset-item img_no_effect\" data-id=\"239\">\r\n        <div class=\"rt-holder tpg-post-holder\">\r\n            <div class=\"rt-detail rt-el-content-wrapper\">\r\n\t\t\t\t                    <div class=\"rt-img-holder tpg-el-image-wrap has-thumbnail\">\r\n\t\t\t\t\t\t<a data-id=\"239\" href=\"https:\/\/farmacialorente.es\/blog\/como-curar-el-ombligo-de-un-recien-nacido\/\" class=\"tpg-post-link\" target=\"_self\"><img width=\"750\" height=\"473\" src=\"https:\/\/farmacialorente.es\/blog\/wp-content\/uploads\/2022\/12\/como-curar-el-ombligo-de-recien-nacido.jpg\" class=\"attachment-large size-large wp-post-image\" alt=\"C\u00f3mo curar el ombligo de un beb\u00e9 reci\u00e9n nacido\" decoding=\"async\" loading=\"lazy\" \/>\t\t\r\n\t\t<\/a>\r\n\t\t        <div class=\"overlay grid-hover-content\"><\/div>\r\n\t\t                    <\/div>\r\n\t\t\t\t\r\n                <div class=\"offset-content\">\r\n\r\n\t\t\t\t\t<div class=\"entry-title-wrapper\">        <div class=\"tpg-separate-category style1 default cat-above-title\">\r\n\t\t\t<span class='categories-links'>\r\n\t\t\t<i class='fas fa-folder-open'><\/i>\t\t\t<a href=\"https:\/\/farmacialorente.es\/blog\/category\/maternidad\/\">Maternidad<\/a>\t\t\t<\/span>\r\n        <\/div>\r\n\t\t<h3 class=\"entry-title\"><a data-id=\"239\" href=\"https:\/\/farmacialorente.es\/blog\/como-curar-el-ombligo-de-un-recien-nacido\/\" class=\"tpg-post-link\" target=\"_self\">C\u00f3mo curar el ombligo de un reci\u00e9n nacido<\/a><\/h3><\/div>\r\n\t\t\t\t\t                        <div class=\"post-meta-tags rt-el-post-meta\">\r\n\t\t\t\t\t\t\t                        <\/div>\r\n\t\t\t\t\t\r\n\t\t\t\t\t\r\n\t\t\t\t\t                <\/div>\r\n            <\/div>\r\n        <\/div>\r\n    <\/div>\r\n\r\n\r\n\t\r\n\r\n    <div class=\"offset-item img_no_effect\" data-id=\"232\">\r\n        <div class=\"rt-holder tpg-post-holder\">\r\n            <div class=\"rt-detail rt-el-content-wrapper\">\r\n\t\t\t\t                    <div class=\"rt-img-holder tpg-el-image-wrap has-thumbnail\">\r\n\t\t\t\t\t\t<a data-id=\"232\" href=\"https:\/\/farmacialorente.es\/blog\/mejores-cremas-para-el-herpes\/\" class=\"tpg-post-link\" target=\"_self\"><img width=\"750\" height=\"384\" src=\"https:\/\/farmacialorente.es\/blog\/wp-content\/uploads\/2022\/12\/mejores-cremas-herpes.png\" class=\"attachment-large size-large wp-post-image\" alt=\"Mejores cremas para los herpes\" decoding=\"async\" loading=\"lazy\" \/>\t\t\r\n\t\t<\/a>\r\n\t\t        <div class=\"overlay grid-hover-content\"><\/div>\r\n\t\t                    <\/div>\r\n\t\t\t\t\r\n                <div class=\"offset-content\">\r\n\r\n\t\t\t\t\t<div class=\"entry-title-wrapper\">        <div class=\"tpg-separate-category style1 default cat-above-title\">\r\n\t\t\t<span class='categories-links'>\r\n\t\t\t<i class='fas fa-folder-open'><\/i>\t\t\t<a href=\"https:\/\/farmacialorente.es\/blog\/category\/salud\/\">Salud<\/a>\t\t\t<\/span>\r\n        <\/div>\r\n\t\t<h3 class=\"entry-title\"><a data-id=\"232\" href=\"https:\/\/farmacialorente.es\/blog\/mejores-cremas-para-el-herpes\/\" class=\"tpg-post-link\" target=\"_self\">Mejores cremas para el herpes<\/a><\/h3><\/div>\r\n\t\t\t\t\t                        <div class=\"post-meta-tags rt-el-post-meta\">\r\n\t\t\t\t\t\t\t                        <\/div>\r\n\t\t\t\t\t\r\n\t\t\t\t\t\r\n\t\t\t\t\t                <\/div>\r\n            <\/div>\r\n        <\/div>\r\n    <\/div>\r\n\r\n\r\n\t<\/div>\r\n<!--End Loop Div-->\r\n            <\/div>\r\n\t\t\t\r\n        <\/div>\r\n\t\t\t\t<\/div>\n\t\t\t\t<\/div>\n\t\t\t\t\t<\/div>\n\t\t<\/div>\n\t\t\t\t\t\t\t<\/div>\n\t\t<\/section>\n\t\t\t\t<section class=\"elementor-section elementor-top-section elementor-element elementor-element-fc51359 elementor-section-boxed elementor-section-height-default elementor-section-height-default\" data-id=\"fc51359\" data-element_type=\"section\">\n\t\t\t\t\t\t<div class=\"elementor-container elementor-column-gap-default\">\n\t\t\t\t\t<div class=\"elementor-column elementor-col-100 elementor-top-column elementor-element elementor-element-a762e9c\" data-id=\"a762e9c\" data-element_type=\"column\">\n\t\t\t<div class=\"elementor-widget-wrap elementor-element-populated\">\n\t\t\t\t\t\t\t\t<div class=\"elementor-element elementor-element-06e27a4 elementor-widget-divider--view-line elementor-widget elementor-widget-divider\" data-id=\"06e27a4\" data-element_type=\"widget\" data-widget_type=\"divider.default\">\n\t\t\t\t<div class=\"elementor-widget-container\">\n\t\t\t\t\t<div class=\"elementor-divider\">\n\t\t\t<span class=\"elementor-divider-separator\">\n\t\t\t\t\t\t<\/span>\n\t\t<\/div>\n\t\t\t\t<\/div>\n\t\t\t\t<\/div>\n\t\t\t\t\t<\/div>\n\t\t<\/div>\n\t\t\t\t\t\t\t<\/div>\n\t\t<\/section>\n\t\t\t\t\t\t\t<\/div>\n\t\t","protected":false},"excerpt":{"rendered":"<p>\u00daltimos post Salud Beneficios de la vitamina E en nuestra salud \u00bfSiempre has querido saber la importancia y los beneficios de las vitaminas? Las vitaminas tienen un papel fundamental en la salud de las personas, aportando as\u00ed los nutrientes necesarios para nuestro organismo, adem\u00e1s de ayudar a prevenir las enfermedades. Tambi\u00e9n tienen mucha relevancia en [&hellip;]<\/p>\n","protected":false},"author":1,"featured_media":0,"parent":0,"menu_order":0,"comment_status":"closed","ping_status":"closed","template":"elementor_header_footer","meta":{"om_disable_all_campaigns":false,"_mi_skip_tracking":false},"aioseo_notices":[],"rttpg_featured_image_url":null,"rttpg_author":{"display_name":"oortegafer","author_link":"https:\/\/farmacialorente.es\/blog\/author\/oortegafer\/"},"rttpg_comment":0,"rttpg_category":"","rttpg_excerpt":"\u00daltimos post Salud Beneficios de la vitamina E en nuestra salud \u00bfSiempre has querido saber la importancia y los beneficios de las vitaminas? Las vitaminas tienen un papel fundamental en la salud de las personas, aportando as\u00ed los nutrientes necesarios para nuestro organismo, adem\u00e1s de ayudar a prevenir las enfermedades. Tambi\u00e9n tienen mucha relevancia en&hellip;","_links":{"self":[{"href":"https:\/\/farmacialorente.es\/blog\/wp-json\/wp\/v2\/pages\/17"}],"collection":[{"href":"https:\/\/farmacialorente.es\/blog\/wp-json\/wp\/v2\/pages"}],"about":[{"href":"https:\/\/farmacialorente.es\/blog\/wp-json\/wp\/v2\/types\/page"}],"author":[{"embeddable":true,"href":"https:\/\/farmacialorente.es\/blog\/wp-json\/wp\/v2\/users\/1"}],"replies":[{"embeddable":true,"href":"https:\/\/farmacialorente.es\/blog\/wp-json\/wp\/v2\/comments?post=17"}],"version-history":[{"count":94,"href":"https:\/\/farmacialorente.es\/blog\/wp-json\/wp\/v2\/pages\/17\/revisions"}],"predecessor-version":[{"id":278,"href":"https:\/\/farmacialorente.es\/blog\/wp-json\/wp\/v2\/pages\/17\/revisions\/278"}],"wp:attachment":[{"href":"https:\/\/farmacialorente.es\/blog\/wp-json\/wp\/v2\/media?parent=17"}],"curies":[{"name":"wp","href":"https:\/\/api.w.org\/{rel}","templated":true}]}}